{"id":176,"date":"2021-11-28T18:14:15","date_gmt":"2021-11-28T17:14:15","guid":{"rendered":"http:\/\/absoluepiscine.fr\/?page_id=176"},"modified":"2025-06-30T18:34:43","modified_gmt":"2025-06-30T16:34:43","slug":"nos-abris-de-piscine-2","status":"publish","type":"page","link":"https:\/\/absoluepiscine.fr\/index.php\/nos-abris-de-piscine-2\/","title":{"rendered":"Nos abris de piscine"},"content":{"rendered":"\t\t<div data-elementor-type=\"wp-page\" data-elementor-id=\"176\" class=\"elementor elementor-176\" data-elementor-post-type=\"page\">\n\t\t\t\t<div class=\"elementor-element elementor-element-857f2e5 e-grid e-con-boxed e-con e-parent\" data-id=\"857f2e5\" data-element_type=\"container\" data-e-type=\"container\">\n\t\t\t\t\t<div class=\"e-con-inner\">\n\t\t\t\t<div class=\"elementor-element elementor-element-c398d3f elementor-widget elementor-widget-image\" data-id=\"c398d3f\" data-element_type=\"widget\" data-e-type=\"widget\" data-widget_type=\"image.default\">\n\t\t\t\t<div class=\"elementor-widget-container\">\n\t\t\t\t\t\t\t\t\t\t\t\t\t\t\t<img fetchpriority=\"high\" decoding=\"async\" width=\"950\" height=\"713\" src=\"https:\/\/i0.wp.com\/absoluepiscine.fr\/wp-content\/uploads\/2025\/06\/IMG_7092.jpg?fit=950%2C713&amp;ssl=1\" class=\"attachment-large size-large wp-image-802\" alt=\"Abri de piscine t\u00e9lescopique ultra-bas gris anthracite de la marque Abris Actuel install\u00e9 sur une terrasse en carrelage sombre.\" srcset=\"https:\/\/i0.wp.com\/absoluepiscine.fr\/wp-content\/uploads\/2025\/06\/IMG_7092.jpg?w=960&amp;ssl=1 960w, https:\/\/i0.wp.com\/absoluepiscine.fr\/wp-content\/uploads\/2025\/06\/IMG_7092.jpg?resize=300%2C225&amp;ssl=1 300w, https:\/\/i0.wp.com\/absoluepiscine.fr\/wp-content\/uploads\/2025\/06\/IMG_7092.jpg?resize=600%2C450&amp;ssl=1 600w\" sizes=\"100vw\" \/>\t\t\t\t\t\t\t\t\t\t\t\t\t\t\t<\/div>\n\t\t\t\t<\/div>\n\t\t\t\t<div class=\"elementor-element elementor-element-eaf7c2f elementor-widget elementor-widget-image\" data-id=\"eaf7c2f\" data-element_type=\"widget\" data-e-type=\"widget\" data-widget_type=\"image.default\">\n\t\t\t\t<div class=\"elementor-widget-container\">\n\t\t\t\t\t\t\t\t\t\t\t\t\t\t\t<img decoding=\"async\" width=\"950\" height=\"710\" src=\"https:\/\/i0.wp.com\/absoluepiscine.fr\/wp-content\/uploads\/2025\/06\/4.jpg?fit=950%2C710&amp;ssl=1\" class=\"attachment-large size-large wp-image-746\" alt=\"Installation d&#039;un abri de piscine t\u00e9lescopique gris anthracite de la marque Actuel sur une grande terrasse en bois exotique par Absolue Piscine.\" srcset=\"https:\/\/i0.wp.com\/absoluepiscine.fr\/wp-content\/uploads\/2025\/06\/4.jpg?w=1024&amp;ssl=1 1024w, https:\/\/i0.wp.com\/absoluepiscine.fr\/wp-content\/uploads\/2025\/06\/4.jpg?resize=300%2C224&amp;ssl=1 300w, https:\/\/i0.wp.com\/absoluepiscine.fr\/wp-content\/uploads\/2025\/06\/4.jpg?resize=600%2C448&amp;ssl=1 600w\" sizes=\"100vw\" \/>\t\t\t\t\t\t\t\t\t\t\t\t\t\t\t<\/div>\n\t\t\t\t<\/div>\n\t\t\t\t<div class=\"elementor-element elementor-element-2137695 elementor-widget elementor-widget-image\" data-id=\"2137695\" data-element_type=\"widget\" data-e-type=\"widget\" data-widget_type=\"image.default\">\n\t\t\t\t<div class=\"elementor-widget-container\">\n\t\t\t\t\t\t\t\t\t\t\t\t\t\t\t<img decoding=\"async\" width=\"950\" height=\"713\" src=\"https:\/\/i0.wp.com\/absoluepiscine.fr\/wp-content\/uploads\/2025\/06\/IMG_3224.jpg?fit=950%2C713&amp;ssl=1\" class=\"attachment-large size-large wp-image-773\" alt=\"Grand abri de piscine haut t\u00e9lescopique gris anthracite de la marque Abris Actuel avec vitrage panoramique sur terrasse moderne.\" srcset=\"https:\/\/i0.wp.com\/absoluepiscine.fr\/wp-content\/uploads\/2025\/06\/IMG_3224.jpg?w=2016&amp;ssl=1 2016w, https:\/\/i0.wp.com\/absoluepiscine.fr\/wp-content\/uploads\/2025\/06\/IMG_3224.jpg?resize=300%2C225&amp;ssl=1 300w, https:\/\/i0.wp.com\/absoluepiscine.fr\/wp-content\/uploads\/2025\/06\/IMG_3224.jpg?resize=1024%2C768&amp;ssl=1 1024w, https:\/\/i0.wp.com\/absoluepiscine.fr\/wp-content\/uploads\/2025\/06\/IMG_3224.jpg?resize=2000%2C1500&amp;ssl=1 2000w, https:\/\/i0.wp.com\/absoluepiscine.fr\/wp-content\/uploads\/2025\/06\/IMG_3224.jpg?resize=1536%2C1152&amp;ssl=1 1536w, https:\/\/i0.wp.com\/absoluepiscine.fr\/wp-content\/uploads\/2025\/06\/IMG_3224.jpg?resize=600%2C450&amp;ssl=1 600w, https:\/\/i0.wp.com\/absoluepiscine.fr\/wp-content\/uploads\/2025\/06\/IMG_3224.jpg?resize=1200%2C900&amp;ssl=1 1200w, https:\/\/i0.wp.com\/absoluepiscine.fr\/wp-content\/uploads\/2025\/06\/IMG_3224.jpg?w=1900&amp;ssl=1 1900w\" sizes=\"100vw\" \/>\t\t\t\t\t\t\t\t\t\t\t\t\t\t\t<\/div>\n\t\t\t\t<\/div>\n\t\t\t\t<div class=\"elementor-element elementor-element-882d1f3 elementor-align-center elementor-widget elementor-widget-button\" data-id=\"882d1f3\" data-element_type=\"widget\" data-e-type=\"widget\" data-widget_type=\"button.default\">\n\t\t\t\t<div class=\"elementor-widget-container\">\n\t\t\t\t\t\t\t\t\t<div class=\"elementor-button-wrapper\">\n\t\t\t\t\t<a class=\"elementor-button elementor-button-link elementor-size-sm\" href=\"https:\/\/absoluepiscine.fr\/index.php\/nos-abris-de-piscine-2\/nos-abris-de-piscine-bas\/\">\n\t\t\t\t\t\t<span class=\"elementor-button-content-wrapper\">\n\t\t\t\t\t\t\t\t\t<span class=\"elementor-button-text\">D\u00e9couvrez nos abris bas<\/span>\n\t\t\t\t\t<\/span>\n\t\t\t\t\t<\/a>\n\t\t\t\t<\/div>\n\t\t\t\t\t\t\t\t<\/div>\n\t\t\t\t<\/div>\n\t\t\t\t<div class=\"elementor-element elementor-element-1ab5c56 elementor-align-center elementor-widget elementor-widget-button\" data-id=\"1ab5c56\" data-element_type=\"widget\" data-e-type=\"widget\" data-widget_type=\"button.default\">\n\t\t\t\t<div class=\"elementor-widget-container\">\n\t\t\t\t\t\t\t\t\t<div class=\"elementor-button-wrapper\">\n\t\t\t\t\t<a class=\"elementor-button elementor-button-link elementor-size-sm\" href=\"https:\/\/absoluepiscine.fr\/index.php\/nos-abris-de-piscine-2\/abris-piscine-mi-haut\/\">\n\t\t\t\t\t\t<span class=\"elementor-button-content-wrapper\">\n\t\t\t\t\t\t\t\t\t<span class=\"elementor-button-text\">D\u00e9couvrez nos abris mi-haut<\/span>\n\t\t\t\t\t<\/span>\n\t\t\t\t\t<\/a>\n\t\t\t\t<\/div>\n\t\t\t\t\t\t\t\t<\/div>\n\t\t\t\t<\/div>\n\t\t\t\t<div class=\"elementor-element elementor-element-91fa8c3 elementor-align-center elementor-widget elementor-widget-button\" data-id=\"91fa8c3\" data-element_type=\"widget\" data-e-type=\"widget\" data-widget_type=\"button.default\">\n\t\t\t\t<div class=\"elementor-widget-container\">\n\t\t\t\t\t\t\t\t\t<div class=\"elementor-button-wrapper\">\n\t\t\t\t\t<a class=\"elementor-button elementor-button-link elementor-size-sm\" href=\"https:\/\/absoluepiscine.fr\/index.php\/nos-abris-de-piscine-2\/nos-abris-piscine-haut\/\">\n\t\t\t\t\t\t<span class=\"elementor-button-content-wrapper\">\n\t\t\t\t\t\t\t\t\t<span class=\"elementor-button-text\">D\u00e9couvrez nos abris haut<\/span>\n\t\t\t\t\t<\/span>\n\t\t\t\t\t<\/a>\n\t\t\t\t<\/div>\n\t\t\t\t\t\t\t\t<\/div>\n\t\t\t\t<\/div>\n\t\t\t\t\t<\/div>\n\t\t\t\t<\/div>\n\t\t\t\t<\/div>\n\t\t","protected":false},"excerpt":{"rendered":"<p>D\u00e9couvrez nos abris bas D\u00e9couvrez nos abris mi-haut D\u00e9couvrez nos abris haut<\/p>\n","protected":false},"author":1,"featured_media":0,"parent":0,"menu_order":0,"comment_status":"closed","ping_status":"closed","template":"elementor_theme","meta":{"footnotes":""},"class_list":["post-176","page","type-page","status-publish","hentry"],"yoast_head":"<!-- This site is optimized with the Yoast SEO plugin v27.4 - https:\/\/yoast.com\/product\/yoast-seo-wordpress\/ -->\n<title>Nos abris de piscine - ABSOLUE PISCINE<\/title>\n<meta name=\"robots\" content=\"index, follow, max-snippet:-1, max-image-preview:large, max-video-preview:-1\" \/>\n<link rel=\"canonical\" href=\"https:\/\/absoluepiscine.fr\/index.php\/nos-abris-de-piscine-2\/\" \/>\n<meta property=\"og:locale\" content=\"fr_FR\" \/>\n<meta property=\"og:type\" content=\"article\" \/>\n<meta property=\"og:title\" content=\"Nos abris de piscine - ABSOLUE PISCINE\" \/>\n<meta property=\"og:description\" content=\"D\u00e9couvrez nos abris bas D\u00e9couvrez nos abris mi-haut D\u00e9couvrez nos abris haut\" \/>\n<meta property=\"og:url\" content=\"https:\/\/absoluepiscine.fr\/index.php\/nos-abris-de-piscine-2\/\" \/>\n<meta property=\"og:site_name\" content=\"ABSOLUE PISCINE\" \/>\n<meta property=\"article:modified_time\" content=\"2025-06-30T16:34:43+00:00\" \/>\n<meta property=\"og:image\" content=\"https:\/\/absoluepiscine.fr\/wp-content\/uploads\/2025\/06\/IMG_7092.jpg\" \/>\n<meta name=\"twitter:card\" content=\"summary_large_image\" \/>\n<meta name=\"twitter:label1\" content=\"Dur\u00e9e de lecture estim\u00e9e\" \/>\n\t<meta name=\"twitter:data1\" content=\"1 minute\" \/>\n<script type=\"application\/ld+json\" class=\"yoast-schema-graph\">{\"@context\":\"https:\\\/\\\/schema.org\",\"@graph\":[{\"@type\":\"WebPage\",\"@id\":\"https:\\\/\\\/absoluepiscine.fr\\\/index.php\\\/nos-abris-de-piscine-2\\\/\",\"url\":\"https:\\\/\\\/absoluepiscine.fr\\\/index.php\\\/nos-abris-de-piscine-2\\\/\",\"name\":\"Nos abris de piscine - ABSOLUE PISCINE\",\"isPartOf\":{\"@id\":\"https:\\\/\\\/absoluepiscine.fr\\\/#website\"},\"primaryImageOfPage\":{\"@id\":\"https:\\\/\\\/absoluepiscine.fr\\\/index.php\\\/nos-abris-de-piscine-2\\\/#primaryimage\"},\"image\":{\"@id\":\"https:\\\/\\\/absoluepiscine.fr\\\/index.php\\\/nos-abris-de-piscine-2\\\/#primaryimage\"},\"thumbnailUrl\":\"https:\\\/\\\/absoluepiscine.fr\\\/wp-content\\\/uploads\\\/2025\\\/06\\\/IMG_7092.jpg\",\"datePublished\":\"2021-11-28T17:14:15+00:00\",\"dateModified\":\"2025-06-30T16:34:43+00:00\",\"breadcrumb\":{\"@id\":\"https:\\\/\\\/absoluepiscine.fr\\\/index.php\\\/nos-abris-de-piscine-2\\\/#breadcrumb\"},\"inLanguage\":\"fr-FR\",\"potentialAction\":[{\"@type\":\"ReadAction\",\"target\":[\"https:\\\/\\\/absoluepiscine.fr\\\/index.php\\\/nos-abris-de-piscine-2\\\/\"]}]},{\"@type\":\"ImageObject\",\"inLanguage\":\"fr-FR\",\"@id\":\"https:\\\/\\\/absoluepiscine.fr\\\/index.php\\\/nos-abris-de-piscine-2\\\/#primaryimage\",\"url\":\"https:\\\/\\\/i0.wp.com\\\/absoluepiscine.fr\\\/wp-content\\\/uploads\\\/2025\\\/06\\\/IMG_7092.jpg?fit=960%2C720&ssl=1\",\"contentUrl\":\"https:\\\/\\\/i0.wp.com\\\/absoluepiscine.fr\\\/wp-content\\\/uploads\\\/2025\\\/06\\\/IMG_7092.jpg?fit=960%2C720&ssl=1\",\"width\":960,\"height\":720,\"caption\":\"La signature Abris Actuel : un abri ultra- plat qui prot\u00e8ge votre bassin tout en restant quasiment invisible dans votre jardin.\"},{\"@type\":\"BreadcrumbList\",\"@id\":\"https:\\\/\\\/absoluepiscine.fr\\\/index.php\\\/nos-abris-de-piscine-2\\\/#breadcrumb\",\"itemListElement\":[{\"@type\":\"ListItem\",\"position\":1,\"name\":\"Accueil\",\"item\":\"https:\\\/\\\/absoluepiscine.fr\\\/\"},{\"@type\":\"ListItem\",\"position\":2,\"name\":\"Nos abris de piscine\"}]},{\"@type\":\"WebSite\",\"@id\":\"https:\\\/\\\/absoluepiscine.fr\\\/#website\",\"url\":\"https:\\\/\\\/absoluepiscine.fr\\\/\",\"name\":\"www.absoluepiscine.fr\",\"description\":\"Votre piscine sur-mesure !\",\"publisher\":{\"@id\":\"https:\\\/\\\/absoluepiscine.fr\\\/#organization\"},\"potentialAction\":[{\"@type\":\"SearchAction\",\"target\":{\"@type\":\"EntryPoint\",\"urlTemplate\":\"https:\\\/\\\/absoluepiscine.fr\\\/?s={search_term_string}\"},\"query-input\":{\"@type\":\"PropertyValueSpecification\",\"valueRequired\":true,\"valueName\":\"search_term_string\"}}],\"inLanguage\":\"fr-FR\"},{\"@type\":\"Organization\",\"@id\":\"https:\\\/\\\/absoluepiscine.fr\\\/#organization\",\"name\":\"Absoluepiscine\",\"url\":\"https:\\\/\\\/absoluepiscine.fr\\\/\",\"logo\":{\"@type\":\"ImageObject\",\"inLanguage\":\"fr-FR\",\"@id\":\"https:\\\/\\\/absoluepiscine.fr\\\/#\\\/schema\\\/logo\\\/image\\\/\",\"url\":\"https:\\\/\\\/i0.wp.com\\\/absoluepiscine.fr\\\/wp-content\\\/uploads\\\/2025\\\/03\\\/Logo-Absolue-Piscine-1.webp?fit=500%2C500&ssl=1\",\"contentUrl\":\"https:\\\/\\\/i0.wp.com\\\/absoluepiscine.fr\\\/wp-content\\\/uploads\\\/2025\\\/03\\\/Logo-Absolue-Piscine-1.webp?fit=500%2C500&ssl=1\",\"width\":500,\"height\":500,\"caption\":\"Absoluepiscine\"},\"image\":{\"@id\":\"https:\\\/\\\/absoluepiscine.fr\\\/#\\\/schema\\\/logo\\\/image\\\/\"}}]}<\/script>\n<!-- \/ Yoast SEO plugin. -->","yoast_head_json":{"title":"Nos abris de piscine - ABSOLUE PISCINE","robots":{"index":"index","follow":"follow","max-snippet":"max-snippet:-1","max-image-preview":"max-image-preview:large","max-video-preview":"max-video-preview:-1"},"canonical":"https:\/\/absoluepiscine.fr\/index.php\/nos-abris-de-piscine-2\/","og_locale":"fr_FR","og_type":"article","og_title":"Nos abris de piscine - ABSOLUE PISCINE","og_description":"D\u00e9couvrez nos abris bas D\u00e9couvrez nos abris mi-haut D\u00e9couvrez nos abris haut","og_url":"https:\/\/absoluepiscine.fr\/index.php\/nos-abris-de-piscine-2\/","og_site_name":"ABSOLUE PISCINE","article_modified_time":"2025-06-30T16:34:43+00:00","og_image":[{"url":"https:\/\/absoluepiscine.fr\/wp-content\/uploads\/2025\/06\/IMG_7092.jpg","type":"","width":"","height":""}],"twitter_card":"summary_large_image","twitter_misc":{"Dur\u00e9e de lecture estim\u00e9e":"1 minute"},"schema":{"@context":"https:\/\/schema.org","@graph":[{"@type":"WebPage","@id":"https:\/\/absoluepiscine.fr\/index.php\/nos-abris-de-piscine-2\/","url":"https:\/\/absoluepiscine.fr\/index.php\/nos-abris-de-piscine-2\/","name":"Nos abris de piscine - ABSOLUE PISCINE","isPartOf":{"@id":"https:\/\/absoluepiscine.fr\/#website"},"primaryImageOfPage":{"@id":"https:\/\/absoluepiscine.fr\/index.php\/nos-abris-de-piscine-2\/#primaryimage"},"image":{"@id":"https:\/\/absoluepiscine.fr\/index.php\/nos-abris-de-piscine-2\/#primaryimage"},"thumbnailUrl":"https:\/\/absoluepiscine.fr\/wp-content\/uploads\/2025\/06\/IMG_7092.jpg","datePublished":"2021-11-28T17:14:15+00:00","dateModified":"2025-06-30T16:34:43+00:00","breadcrumb":{"@id":"https:\/\/absoluepiscine.fr\/index.php\/nos-abris-de-piscine-2\/#breadcrumb"},"inLanguage":"fr-FR","potentialAction":[{"@type":"ReadAction","target":["https:\/\/absoluepiscine.fr\/index.php\/nos-abris-de-piscine-2\/"]}]},{"@type":"ImageObject","inLanguage":"fr-FR","@id":"https:\/\/absoluepiscine.fr\/index.php\/nos-abris-de-piscine-2\/#primaryimage","url":"https:\/\/i0.wp.com\/absoluepiscine.fr\/wp-content\/uploads\/2025\/06\/IMG_7092.jpg?fit=960%2C720&ssl=1","contentUrl":"https:\/\/i0.wp.com\/absoluepiscine.fr\/wp-content\/uploads\/2025\/06\/IMG_7092.jpg?fit=960%2C720&ssl=1","width":960,"height":720,"caption":"La signature Abris Actuel : un abri ultra- plat qui prot\u00e8ge votre bassin tout en restant quasiment invisible dans votre jardin."},{"@type":"BreadcrumbList","@id":"https:\/\/absoluepiscine.fr\/index.php\/nos-abris-de-piscine-2\/#breadcrumb","itemListElement":[{"@type":"ListItem","position":1,"name":"Accueil","item":"https:\/\/absoluepiscine.fr\/"},{"@type":"ListItem","position":2,"name":"Nos abris de piscine"}]},{"@type":"WebSite","@id":"https:\/\/absoluepiscine.fr\/#website","url":"https:\/\/absoluepiscine.fr\/","name":"www.absoluepiscine.fr","description":"Votre piscine sur-mesure !","publisher":{"@id":"https:\/\/absoluepiscine.fr\/#organization"},"potentialAction":[{"@type":"SearchAction","target":{"@type":"EntryPoint","urlTemplate":"https:\/\/absoluepiscine.fr\/?s={search_term_string}"},"query-input":{"@type":"PropertyValueSpecification","valueRequired":true,"valueName":"search_term_string"}}],"inLanguage":"fr-FR"},{"@type":"Organization","@id":"https:\/\/absoluepiscine.fr\/#organization","name":"Absoluepiscine","url":"https:\/\/absoluepiscine.fr\/","logo":{"@type":"ImageObject","inLanguage":"fr-FR","@id":"https:\/\/absoluepiscine.fr\/#\/schema\/logo\/image\/","url":"https:\/\/i0.wp.com\/absoluepiscine.fr\/wp-content\/uploads\/2025\/03\/Logo-Absolue-Piscine-1.webp?fit=500%2C500&ssl=1","contentUrl":"https:\/\/i0.wp.com\/absoluepiscine.fr\/wp-content\/uploads\/2025\/03\/Logo-Absolue-Piscine-1.webp?fit=500%2C500&ssl=1","width":500,"height":500,"caption":"Absoluepiscine"},"image":{"@id":"https:\/\/absoluepiscine.fr\/#\/schema\/logo\/image\/"}}]}},"jetpack_sharing_enabled":true,"featured_media_urls":[],"_links":{"self":[{"href":"https:\/\/absoluepiscine.fr\/index.php\/wp-json\/wp\/v2\/pages\/176","targetHints":{"allow":["GET"]}}],"collection":[{"href":"https:\/\/absoluepiscine.fr\/index.php\/wp-json\/wp\/v2\/pages"}],"about":[{"href":"https:\/\/absoluepiscine.fr\/index.php\/wp-json\/wp\/v2\/types\/page"}],"author":[{"embeddable":true,"href":"https:\/\/absoluepiscine.fr\/index.php\/wp-json\/wp\/v2\/users\/1"}],"replies":[{"embeddable":true,"href":"https:\/\/absoluepiscine.fr\/index.php\/wp-json\/wp\/v2\/comments?post=176"}],"version-history":[{"count":4,"href":"https:\/\/absoluepiscine.fr\/index.php\/wp-json\/wp\/v2\/pages\/176\/revisions"}],"predecessor-version":[{"id":844,"href":"https:\/\/absoluepiscine.fr\/index.php\/wp-json\/wp\/v2\/pages\/176\/revisions\/844"}],"wp:attachment":[{"href":"https:\/\/absoluepiscine.fr\/index.php\/wp-json\/wp\/v2\/media?parent=176"}],"curies":[{"name":"wp","href":"https:\/\/api.w.org\/{rel}","templated":true}]}}